{"id":2,"date":"2012-02-12T00:46:21","date_gmt":"2012-02-12T00:46:21","guid":{"rendered":"http:\/\/www.ctasoftware.com.br\/blog\/?page_id=2"},"modified":"2015-01-27T17:13:38","modified_gmt":"2015-01-27T20:13:38","slug":"sobre-mi","status":"publish","type":"page","link":"https:\/\/www.ctasoftware.com.br\/blog\/sobre-mi\/","title":{"rendered":"Sobre Mim"},"content":{"rendered":"<p>Formado em An\u00e1lise e Desenvolvimento de Software pelo Centro Universit\u00e1rio Jorge Amado em Salvador, atuo na \u00e1rea de desenvolvimento de software e sites em PHP, .NET e SharePoint.<\/p>\n<blockquote><p>Atua\u00e7\u00e3o:<\/p>\n<p><strong>CTASoftware &#8211; Dire\u00e7\u00e3o e apoio ao desenvolvimento<\/strong><br \/>\nFundador da empresa CTASoftware em 2010<br \/>\nAtua\u00e7\u00e3o na an\u00e1lise e\u00a0desenvolvimento de softwares para Agentes Exclusivo Oi, tais como: Atualize Telecom, Voelog, Consulnet, etc.<br \/>\nAn\u00e1lise e desenvolvimento de software da empresa Bahia Call Center<br \/>\nDentre outros projetos que podem ser consultados em <a href=\"http:\/\/www.CTASoftware.com.br\">www.CTASoftware.com.br<\/a><\/p>\n<p><strong>CPMBraxis Capgemini<\/strong><br \/>\nAtuando como Analista de Sistemas\u00a0desde 2010 em projetos de desenvolvimento de softwares nas tecnologias .NET, PHP\u00a0e SharePoint.<br \/>\nBancos de dados como SQL Server, MySQL e PostGree<br \/>\nLideran\u00e7a de equipe dos Sistemas Corporativos da empresa.<br \/>\nConhecimentos em JQuery, JavaScript, CSS<\/p><\/blockquote>\n<p>Qual o principal foco do Blog?<\/p>\n<blockquote><p>Disponibilizar para colegas de profiss\u00e3o novidades, not\u00edcias e resolu\u00e7\u00e3o de problemas.<\/p>\n<p>Ser\u00e3o disponibilizados tutoriais de configura\u00e7\u00e3o de software, resolu\u00e7\u00e3o de problemas, sugest\u00f5es de boas pr\u00e1ticas de desenvolvimento em banco de dados e desenvolvimento de software nas tecnologias .NET, PHP e SharePoint.<\/p><\/blockquote>\n<p>Aproveite o blog, mande sugest\u00f5es e esclare\u00e7a suas d\u00favidas comigo.<\/p>\n","protected":false},"excerpt":{"rendered":"<p>Formado em An\u00e1lise e Desenvolvimento de Software pelo Centro Universit\u00e1rio Jorge Amado em Salvador, atuo na \u00e1rea de desenvolvimento de software e sites em PHP, .NET e SharePoint. Atua\u00e7\u00e3o: CTASoftware &#8211; Dire\u00e7\u00e3o e apoio ao desenvolvimento Fundador da empresa CTASoftware em 2010 Atua\u00e7\u00e3o na an\u00e1lise e\u00a0desenvolvimento de softwares para Agentes Exclusivo Oi, tais como: Atualize [&hellip;]<\/p>\n","protected":false},"author":1,"featured_media":0,"parent":0,"menu_order":0,"comment_status":"open","ping_status":"open","template":"","meta":{"jetpack_post_was_ever_published":false,"footnotes":""},"yoast_head":"<!-- This site is optimized with the Yoast SEO plugin v21.1 - https:\/\/yoast.com\/wordpress\/plugins\/seo\/ -->\n<title>Sobre Mim - CTASoftware Blog<\/title>\n<meta name=\"description\" content=\"Sobre Mim Analista de Sistemas .NET SharePoint PHP JavaScript CSS\" \/>\n<meta name=\"robots\" content=\"index, follow, max-snippet:-1, max-image-preview:large, max-video-preview:-1\" \/>\n<link rel=\"canonical\" href=\"https:\/\/www.ctasoftware.com.br\/blog\/sobre-mi\/\" \/>\n<meta property=\"og:locale\" content=\"pt_BR\" \/>\n<meta property=\"og:type\" content=\"article\" \/>\n<meta property=\"og:title\" content=\"Sobre Mim - CTASoftware Blog\" \/>\n<meta property=\"og:description\" content=\"Sobre Mim Analista de Sistemas .NET SharePoint PHP JavaScript CSS\" \/>\n<meta property=\"og:url\" content=\"https:\/\/www.ctasoftware.com.br\/blog\/sobre-mi\/\" \/>\n<meta property=\"og:site_name\" content=\"CTASoftware Blog\" \/>\n<meta property=\"article:modified_time\" content=\"2015-01-27T20:13:38+00:00\" \/>\n<meta name=\"twitter:label1\" content=\"Est. tempo de leitura\" \/>\n\t<meta name=\"twitter:data1\" content=\"1 minuto\" \/>\n<script type=\"application\/ld+json\" class=\"yoast-schema-graph\">{\"@context\":\"https:\/\/schema.org\",\"@graph\":[{\"@type\":\"WebPage\",\"@id\":\"https:\/\/www.ctasoftware.com.br\/blog\/sobre-mi\/\",\"url\":\"https:\/\/www.ctasoftware.com.br\/blog\/sobre-mi\/\",\"name\":\"Sobre Mim - CTASoftware Blog\",\"isPartOf\":{\"@id\":\"https:\/\/www.ctasoftware.com.br\/blog\/#website\"},\"datePublished\":\"2012-02-12T00:46:21+00:00\",\"dateModified\":\"2015-01-27T20:13:38+00:00\",\"description\":\"Sobre Mim Analista de Sistemas .NET SharePoint PHP JavaScript CSS\",\"breadcrumb\":{\"@id\":\"https:\/\/www.ctasoftware.com.br\/blog\/sobre-mi\/#breadcrumb\"},\"inLanguage\":\"pt-BR\",\"potentialAction\":[{\"@type\":\"ReadAction\",\"target\":[\"https:\/\/www.ctasoftware.com.br\/blog\/sobre-mi\/\"]}]},{\"@type\":\"BreadcrumbList\",\"@id\":\"https:\/\/www.ctasoftware.com.br\/blog\/sobre-mi\/#breadcrumb\",\"itemListElement\":[{\"@type\":\"ListItem\",\"position\":1,\"name\":\"In\u00edcio\",\"item\":\"https:\/\/www.ctasoftware.com.br\/blog\/\"},{\"@type\":\"ListItem\",\"position\":2,\"name\":\"Sobre Mim\"}]},{\"@type\":\"WebSite\",\"@id\":\"https:\/\/www.ctasoftware.com.br\/blog\/#website\",\"url\":\"https:\/\/www.ctasoftware.com.br\/blog\/\",\"name\":\"CTASoftware Blog\",\"description\":\"Para Desenvolvedores De Software\",\"publisher\":{\"@id\":\"https:\/\/www.ctasoftware.com.br\/blog\/#organization\"},\"potentialAction\":[{\"@type\":\"SearchAction\",\"target\":{\"@type\":\"EntryPoint\",\"urlTemplate\":\"https:\/\/www.ctasoftware.com.br\/blog\/?s={search_term_string}\"},\"query-input\":\"required name=search_term_string\"}],\"inLanguage\":\"pt-BR\"},{\"@type\":\"Organization\",\"@id\":\"https:\/\/www.ctasoftware.com.br\/blog\/#organization\",\"name\":\"CTASoftware\",\"url\":\"https:\/\/www.ctasoftware.com.br\/blog\/\",\"logo\":{\"@type\":\"ImageObject\",\"inLanguage\":\"pt-BR\",\"@id\":\"https:\/\/www.ctasoftware.com.br\/blog\/#\/schema\/logo\/image\/\",\"url\":\"https:\/\/i0.wp.com\/www.ctasoftware.com.br\/blog\/wp-content\/uploads\/2023\/06\/logocta.png?fit=225%2C44&ssl=1\",\"contentUrl\":\"https:\/\/i0.wp.com\/www.ctasoftware.com.br\/blog\/wp-content\/uploads\/2023\/06\/logocta.png?fit=225%2C44&ssl=1\",\"width\":225,\"height\":44,\"caption\":\"CTASoftware\"},\"image\":{\"@id\":\"https:\/\/www.ctasoftware.com.br\/blog\/#\/schema\/logo\/image\/\"}}]}<\/script>\n<!-- \/ Yoast SEO plugin. -->","yoast_head_json":{"title":"Sobre Mim - CTASoftware Blog","description":"Sobre Mim Analista de Sistemas .NET SharePoint PHP JavaScript CSS","robots":{"index":"index","follow":"follow","max-snippet":"max-snippet:-1","max-image-preview":"max-image-preview:large","max-video-preview":"max-video-preview:-1"},"canonical":"https:\/\/www.ctasoftware.com.br\/blog\/sobre-mi\/","og_locale":"pt_BR","og_type":"article","og_title":"Sobre Mim - CTASoftware Blog","og_description":"Sobre Mim Analista de Sistemas .NET SharePoint PHP JavaScript CSS","og_url":"https:\/\/www.ctasoftware.com.br\/blog\/sobre-mi\/","og_site_name":"CTASoftware Blog","article_modified_time":"2015-01-27T20:13:38+00:00","twitter_misc":{"Est. tempo de leitura":"1 minuto"},"schema":{"@context":"https:\/\/schema.org","@graph":[{"@type":"WebPage","@id":"https:\/\/www.ctasoftware.com.br\/blog\/sobre-mi\/","url":"https:\/\/www.ctasoftware.com.br\/blog\/sobre-mi\/","name":"Sobre Mim - CTASoftware Blog","isPartOf":{"@id":"https:\/\/www.ctasoftware.com.br\/blog\/#website"},"datePublished":"2012-02-12T00:46:21+00:00","dateModified":"2015-01-27T20:13:38+00:00","description":"Sobre Mim Analista de Sistemas .NET SharePoint PHP JavaScript CSS","breadcrumb":{"@id":"https:\/\/www.ctasoftware.com.br\/blog\/sobre-mi\/#breadcrumb"},"inLanguage":"pt-BR","potentialAction":[{"@type":"ReadAction","target":["https:\/\/www.ctasoftware.com.br\/blog\/sobre-mi\/"]}]},{"@type":"BreadcrumbList","@id":"https:\/\/www.ctasoftware.com.br\/blog\/sobre-mi\/#breadcrumb","itemListElement":[{"@type":"ListItem","position":1,"name":"In\u00edcio","item":"https:\/\/www.ctasoftware.com.br\/blog\/"},{"@type":"ListItem","position":2,"name":"Sobre Mim"}]},{"@type":"WebSite","@id":"https:\/\/www.ctasoftware.com.br\/blog\/#website","url":"https:\/\/www.ctasoftware.com.br\/blog\/","name":"CTASoftware Blog","description":"Para Desenvolvedores De Software","publisher":{"@id":"https:\/\/www.ctasoftware.com.br\/blog\/#organization"},"potentialAction":[{"@type":"SearchAction","target":{"@type":"EntryPoint","urlTemplate":"https:\/\/www.ctasoftware.com.br\/blog\/?s={search_term_string}"},"query-input":"required name=search_term_string"}],"inLanguage":"pt-BR"},{"@type":"Organization","@id":"https:\/\/www.ctasoftware.com.br\/blog\/#organization","name":"CTASoftware","url":"https:\/\/www.ctasoftware.com.br\/blog\/","logo":{"@type":"ImageObject","inLanguage":"pt-BR","@id":"https:\/\/www.ctasoftware.com.br\/blog\/#\/schema\/logo\/image\/","url":"https:\/\/i0.wp.com\/www.ctasoftware.com.br\/blog\/wp-content\/uploads\/2023\/06\/logocta.png?fit=225%2C44&ssl=1","contentUrl":"https:\/\/i0.wp.com\/www.ctasoftware.com.br\/blog\/wp-content\/uploads\/2023\/06\/logocta.png?fit=225%2C44&ssl=1","width":225,"height":44,"caption":"CTASoftware"},"image":{"@id":"https:\/\/www.ctasoftware.com.br\/blog\/#\/schema\/logo\/image\/"}}]}},"jetpack_sharing_enabled":true,"jetpack_shortlink":"https:\/\/wp.me\/P6ACmG-2","jetpack-related-posts":[],"_links":{"self":[{"href":"https:\/\/www.ctasoftware.com.br\/blog\/wp-json\/wp\/v2\/pages\/2"}],"collection":[{"href":"https:\/\/www.ctasoftware.com.br\/blog\/wp-json\/wp\/v2\/pages"}],"about":[{"href":"https:\/\/www.ctasoftware.com.br\/blog\/wp-json\/wp\/v2\/types\/page"}],"author":[{"embeddable":true,"href":"https:\/\/www.ctasoftware.com.br\/blog\/wp-json\/wp\/v2\/users\/1"}],"replies":[{"embeddable":true,"href":"https:\/\/www.ctasoftware.com.br\/blog\/wp-json\/wp\/v2\/comments?post=2"}],"version-history":[{"count":8,"href":"https:\/\/www.ctasoftware.com.br\/blog\/wp-json\/wp\/v2\/pages\/2\/revisions"}],"predecessor-version":[{"id":143,"href":"https:\/\/www.ctasoftware.com.br\/blog\/wp-json\/wp\/v2\/pages\/2\/revisions\/143"}],"wp:attachment":[{"href":"https:\/\/www.ctasoftware.com.br\/blog\/wp-json\/wp\/v2\/media?parent=2"}],"curies":[{"name":"wp","href":"https:\/\/api.w.org\/{rel}","templated":true}]}}